{"id":1892,"date":"2020-03-13T06:18:41","date_gmt":"2020-03-13T06:18:41","guid":{"rendered":"http:\/\/demo.wpsmartapps.com\/manual\/three\/?page_id=1892"},"modified":"2020-11-09T20:28:08","modified_gmt":"2020-11-09T18:28:08","slug":"home-landing","status":"publish","type":"page","link":"https:\/\/obambu.com\/aide\/","title":{"rendered":"Home Landing"},"content":{"rendered":"<p>[vc_row row_content_display=&#8221;in_grid&#8221; row_content_display_align=&#8221;left&#8221; row_type=&#8221;row&#8221; stretch_row_type=&#8221;yes&#8221; background_color=&#8221;#f9f9f9&#8243; css=&#8221;.vc_custom_1585792692466{padding-top: 90px !important;padding-bottom: 80px !important;}&#8221;][vc_column width=&#8221;3\/4&#8243; css=&#8221;.vc_custom_1585009389467{padding-right: 0px !important;padding-left: 0px !important;}&#8221;]<div class=\"\"><div class=\"row row-eq-height\" style=\"margin: 0px;\"><div class=\"col-md-6 col-sm-12 masonry-item body-content\"> \r\n\t\t\t\t    <div class=\"knowledgebase-body\" style=\"border:1px solid #e1e1e1; padding: 19px; background:#ffffff;\"><div class=\"kb-title-wrap\" style=\"border-radius: 5px; margin-bottom: 10px; background: #e5f5ff; padding: 15px 15px 1px 15px;\" ><div class=\"kb-masonry-icon\" ><h5><i class=\"fas fa-server\" style=\"font-size:19px;color:inherit;\" ><\/i><\/h5><\/div><div class=\"vc-kb-masonry-tag-right\" ><h5><a href=\"https:\/\/obambu.com\/aide\/categorie\/hebergement-web\/\">H\u00e9bergement Web<\/a> \r\n                     <\/h5><div style=\"color:#333333\"><\/div><\/div><\/div><ul class=\"kbse\"><li class=\"cat inner subcat\"><a href=\"https:\/\/obambu.com\/aide\/categorie\/hebergement-web\/pour-commencer\/\">Pour commencer&nbsp;&nbsp;<span style=\"color:#c1c1c1;\">(7)<\/span><\/a><\/li><li class=\"cat inner subcat\"><a href=\"https:\/\/obambu.com\/aide\/categorie\/hebergement-web\/cpanel\/\">cPanel&nbsp;&nbsp;<span style=\"color:#c1c1c1;\">(11)<\/span><\/a><\/li><li class=\"cat inner subcat\"><a href=\"https:\/\/obambu.com\/aide\/categorie\/hebergement-web\/email\/\">E-mail&nbsp;&nbsp;<span style=\"color:#c1c1c1;\">(6)<\/span><\/a><\/li><li class=\"cat inner subcat\"><a href=\"https:\/\/obambu.com\/aide\/categorie\/hebergement-web\/ftp\/\">FTP&nbsp;&nbsp;<span style=\"color:#c1c1c1;\">(4)<\/span><\/a><\/li><li class=\"cat inner subcat\"><a href=\"https:\/\/obambu.com\/aide\/categorie\/hebergement-web\/mysql\/\">MySQL&nbsp;&nbsp;<span style=\"color:#c1c1c1;\">(5)<\/span><\/a><\/li><li class=\"cat inner subcat\"><a href=\"https:\/\/obambu.com\/aide\/categorie\/hebergement-web\/securite\/\">S\u00e9curit\u00e9&nbsp;&nbsp;<span style=\"color:#c1c1c1;\">(10)<\/span><\/a><\/li><\/ul><div style=\"padding:10px 0px;\"> <a href=\"https:\/\/obambu.com\/aide\/categorie\/hebergement-web\/\" class=\"custom-link hvr-icon-wobble-horizontal kblnk\">Voir tout&nbsp;&nbsp;<i class=\"fa fa-arrow-right hvr-icon\"><\/i><\/a><\/div><\/div> <\/div><div class=\"col-md-6 col-sm-12 masonry-item body-content\"> \r\n\t\t\t\t    <div class=\"knowledgebase-body\" style=\"border:1px solid #e1e1e1; padding: 19px; background:#ffffff;\"><div class=\"kb-title-wrap\" style=\"border-radius: 5px; margin-bottom: 10px; background: #e5f5ff; padding: 15px 15px 1px 15px;\" ><div class=\"kb-masonry-icon\" ><h5><i class=\"fas fa-mouse-pointer\" style=\"font-size:19px;color:inherit;\" ><\/i><\/h5><\/div><div class=\"vc-kb-masonry-tag-right\" ><h5><a href=\"https:\/\/obambu.com\/aide\/categorie\/nom-de-domaine\/\">Nom de domaine<\/a> \r\n                     <\/h5><div style=\"color:#333333\"><\/div><\/div><\/div><ul class=\"kbse\"><li class=\"cat inner subcat\"><a href=\"https:\/\/obambu.com\/aide\/categorie\/nom-de-domaine\/enregistrement\/\">Enregistrement&nbsp;&nbsp;<span style=\"color:#c1c1c1;\">(2)<\/span><\/a><\/li><li class=\"cat inner subcat\"><a href=\"https:\/\/obambu.com\/aide\/categorie\/nom-de-domaine\/transfert\/\">Transfert&nbsp;&nbsp;<span style=\"color:#c1c1c1;\">(3)<\/span><\/a><\/li><li class=\"cat inner subcat\"><a href=\"https:\/\/obambu.com\/aide\/categorie\/nom-de-domaine\/dns\/\">DNS&nbsp;&nbsp;<span style=\"color:#c1c1c1;\">(5)<\/span><\/a><\/li><\/ul><div style=\"padding:10px 0px;\"> <a href=\"https:\/\/obambu.com\/aide\/categorie\/nom-de-domaine\/\" class=\"custom-link hvr-icon-wobble-horizontal kblnk\">Voir tout&nbsp;&nbsp;<i class=\"fa fa-arrow-right hvr-icon\"><\/i><\/a><\/div><\/div> <\/div><\/div><div class=\"row row-eq-height\" style=\"margin: 0px;\"><div class=\"col-md-6 col-sm-12 masonry-item body-content\"> \r\n\t\t\t\t    <div class=\"knowledgebase-body\" style=\"border:1px solid #e1e1e1; padding: 19px; background:#ffffff;\"><div class=\"kb-title-wrap\" style=\"border-radius: 5px; margin-bottom: 10px; background: #e5f5ff; padding: 15px 15px 1px 15px;\" ><div class=\"kb-masonry-icon\" ><h5><i class=\"far fa-envelope\" style=\"font-size:19px;color:inherit;\" ><\/i><\/h5><\/div><div class=\"vc-kb-masonry-tag-right\" ><h5><a href=\"https:\/\/obambu.com\/aide\/categorie\/offres-mailpro\/\">Offres MailPro<\/a> \r\n                     <\/h5><div style=\"color:#333333\"><\/div><\/div><\/div><ul class=\"kbse\"><li class=\"cat inner subcat\"><a href=\"https:\/\/obambu.com\/aide\/categorie\/offres-mailpro\/premiers-pas\/\">Premiers pas&nbsp;&nbsp;<span style=\"color:#c1c1c1;\">(3)<\/span><\/a><\/li><li class=\"cat inner subcat\"><a href=\"https:\/\/obambu.com\/aide\/categorie\/offres-mailpro\/gestion\/\">Gestion&nbsp;&nbsp;<span style=\"color:#c1c1c1;\">(3)<\/span><\/a><\/li><\/ul><div style=\"padding:10px 0px;\"> <a href=\"https:\/\/obambu.com\/aide\/categorie\/offres-mailpro\/\" class=\"custom-link hvr-icon-wobble-horizontal kblnk\">Voir tout&nbsp;&nbsp;<i class=\"fa fa-arrow-right hvr-icon\"><\/i><\/a><\/div><\/div> <\/div><div class=\"col-md-6 col-sm-12 masonry-item body-content\"> \r\n\t\t\t\t    <div class=\"knowledgebase-body\" style=\"border:1px solid #e1e1e1; padding: 19px; background:#ffffff;\"><div class=\"kb-title-wrap\" style=\"border-radius: 5px; margin-bottom: 10px; background: #e5f5ff; padding: 15px 15px 1px 15px;\" ><div class=\"kb-masonry-icon\" ><h5><i class=\"fas fa-network-wired\" style=\"font-size:19px;color:inherit;\" ><\/i><\/h5><\/div><div class=\"vc-kb-masonry-tag-right\" ><h5><a href=\"https:\/\/obambu.com\/aide\/categorie\/hebergement-revendeur\/\">H\u00e9bergement Revendeur<\/a> \r\n                     <\/h5><div style=\"color:#333333\"><\/div><\/div><\/div><ul class=\"kbse\"><li class=\"cat inner subcat\"><a href=\"https:\/\/obambu.com\/aide\/categorie\/hebergement-revendeur\/commercial\/\">Commercial&nbsp;&nbsp;<span style=\"color:#c1c1c1;\">(3)<\/span><\/a><\/li><li class=\"cat inner subcat\"><a href=\"https:\/\/obambu.com\/aide\/categorie\/hebergement-revendeur\/panel-whm\/\">Panel WHM+&nbsp;&nbsp;<span style=\"color:#c1c1c1;\">(5)<\/span><\/a><\/li><li class=\"cat inner subcat\"><a href=\"https:\/\/obambu.com\/aide\/categorie\/hebergement-revendeur\/divers-hebergement-revendeur\/\">Divers&nbsp;&nbsp;<span style=\"color:#c1c1c1;\">(1)<\/span><\/a><\/li><\/ul><div style=\"padding:10px 0px;\"> <a href=\"https:\/\/obambu.com\/aide\/categorie\/hebergement-revendeur\/\" class=\"custom-link hvr-icon-wobble-horizontal kblnk\">Voir tout&nbsp;&nbsp;<i class=\"fa fa-arrow-right hvr-icon\"><\/i><\/a><\/div><\/div> <\/div><\/div><div class=\"row row-eq-height\" style=\"margin: 0px;\"><div class=\"col-md-6 col-sm-12 masonry-item body-content\"> \r\n\t\t\t\t    <div class=\"knowledgebase-body\" style=\"border:1px solid #e1e1e1; padding: 19px; background:#ffffff;\"><div class=\"kb-title-wrap\" style=\"border-radius: 5px; margin-bottom: 10px; background: #e5f5ff; padding: 15px 15px 1px 15px;\" ><div class=\"kb-masonry-icon\" ><h5><i class=\"fas fa-microchip\" style=\"font-size:19px;color:inherit;\" ><\/i><\/h5><\/div><div class=\"vc-kb-masonry-tag-right\" ><h5><a href=\"https:\/\/obambu.com\/aide\/categorie\/serveur-vps\/\">Serveur VPS<\/a> \r\n                     <\/h5><div style=\"color:#333333\"><\/div><\/div><\/div><ul class=\"kbse\"><li class=\"cat inner subcat\"><a href=\"https:\/\/obambu.com\/aide\/categorie\/serveur-vps\/premiers-pas-vps\/\">Premiers pas&nbsp;&nbsp;<span style=\"color:#c1c1c1;\">(1)<\/span><\/a><\/li><li class=\"cat inner subcat\"><a href=\"https:\/\/obambu.com\/aide\/categorie\/serveur-vps\/gestion-vps\/\">Gestion&nbsp;&nbsp;<span style=\"color:#c1c1c1;\">(3)<\/span><\/a><\/li><\/ul><\/div> <\/div><div class=\"col-md-6 col-sm-12 masonry-item body-content\"> \r\n\t\t\t\t    <div class=\"knowledgebase-body\" style=\"border:1px solid #e1e1e1; padding: 19px; background:#ffffff;\"><div class=\"kb-title-wrap\" style=\"border-radius: 5px; margin-bottom: 10px; background: #e5f5ff; padding: 15px 15px 1px 15px;\" ><div class=\"kb-masonry-icon\" ><h5><i class=\"fas fa-cog\" style=\"font-size:19px;color:inherit;\" ><\/i><\/h5><\/div><div class=\"vc-kb-masonry-tag-right\" ><h5><a href=\"https:\/\/obambu.com\/aide\/categorie\/divers\/\">Divers<\/a> \r\n                     <\/h5><div style=\"color:#333333\"><\/div><\/div><\/div><ul class=\"kbse\"><li class=\"cat inner subcat\"><a href=\"https:\/\/obambu.com\/aide\/categorie\/divers\/paiement-et-facturation\/\">Paiement et facturation&nbsp;&nbsp;<span style=\"color:#c1c1c1;\">(7)<\/span><\/a><\/li><li class=\"cat inner subcat\"><a href=\"https:\/\/obambu.com\/aide\/categorie\/divers\/programme-parrainage-new\/\">Programme Parrainage&nbsp;&nbsp;<span style=\"color:#c1c1c1;\">(3)<\/span><\/a><\/li><\/ul><div style=\"padding:10px 0px;\"> <a href=\"https:\/\/obambu.com\/aide\/categorie\/divers\/\" class=\"custom-link hvr-icon-wobble-horizontal kblnk\">Voir tout&nbsp;&nbsp;<i class=\"fa fa-arrow-right hvr-icon\"><\/i><\/a><\/div><\/div> <\/div><\/div><div class=\"row row-eq-height\" style=\"margin: 0px;\"><\/div><\/div>[\/vc_column][vc_column width=&#8221;1\/4&#8243;]<div class=\"vc_kb_article_type sidebar-nav sidebar-widget widget_kb_cat_widget vc-kb-popular-widget\"><div class=\"display-faq-section\"><h5 class=\"widget-title widget-custom\" style=\"margin-bottom: 25px;\"><span>Articles populaires<\/span><\/h5><ul class=\"clearfix\"><li class=\"articles  \"><a href=\"https:\/\/obambu.com\/aide\/article\/gerer-ses-bases-de-donnees\/\" rel=\"bookmark\">G\u00e9rer ses bases de donn\u00e9es<\/a><\/li><li class=\"articles  \"><a href=\"https:\/\/obambu.com\/aide\/article\/comment-retirer-mes-gains\/\" rel=\"bookmark\">Comment retirer mes gains ?<\/a><\/li><li class=\"articles  \"><a href=\"https:\/\/obambu.com\/aide\/article\/comment-enregistrer-un-nom-de-domaine\/\" rel=\"bookmark\">Comment enregistrer un nom de domaine ?<\/a><\/li><li class=\"articles  \"><a href=\"https:\/\/obambu.com\/aide\/article\/creer-une-nouvelle-offre-pack-hebergement\/\" rel=\"bookmark\">Cr\u00e9er une nouvelle offre\/pack d&#8217;h\u00e9bergement<\/a><\/li><li class=\"articles  \"><a href=\"https:\/\/obambu.com\/aide\/article\/comment-fonctionne-la-facturation-de-offre-revendeur\/\" rel=\"bookmark\">Comment fonctionne la facturation de l&#8217;offre revendeur ?<\/a><\/li><\/ul><\/div><\/div><div class=\"vc_kb_article_type sidebar-nav sidebar-widget widget_kb_cat_widget vc-kb-popular-widget\"><div class=\"display-faq-section\"><h5 class=\"widget-title widget-custom\" style=\"margin-bottom: 25px;\"><span>Articles r\u00e9cents<\/span><\/h5><ul class=\"clearfix\"><li class=\"articles  \"><a href=\"https:\/\/obambu.com\/aide\/article\/introduction-cpanel\/\" rel=\"bookmark\">Introduction au cPanel<\/a><\/li><li class=\"articles  \"><a href=\"https:\/\/obambu.com\/aide\/article\/changer-mot-de-passe-client\/\" rel=\"bookmark\">Comment changer le mot de passe de mon espace client ?<\/a><\/li><li class=\"articles  \"><a href=\"https:\/\/obambu.com\/aide\/article\/changer-offre\/\" rel=\"bookmark\">Comment changer d&#8217;offre ?<\/a><\/li><li class=\"articles  \"><a href=\"https:\/\/obambu.com\/aide\/article\/renouveler-service\/\" rel=\"bookmark\">Comment renouveler un service ?<\/a><\/li><li class=\"articles  \"><a href=\"https:\/\/obambu.com\/aide\/article\/annuler-renouvellement-service\/\" rel=\"bookmark\">Comment r\u00e9silier\/annuler le renouvellement d&#8217;un service ?<\/a><\/li><\/ul><\/div><\/div><div class=\"vc_kb_article_type sidebar-nav sidebar-widget widget_kb_cat_widget vc-kb-popular-widget\"><div class=\"display-faq-section\"><h5 class=\"widget-title widget-custom\" style=\"margin-bottom: 25px;\"><span>Articles r\u00e9cemment mis \u00e0 jour<\/span><\/h5><ul class=\"clearfix\"><li class=\"articles  \"><a href=\"https:\/\/obambu.com\/aide\/article\/premiers-pas\/\" rel=\"bookmark\">Premiers pas<\/a><\/li><li class=\"articles  \"><a href=\"https:\/\/obambu.com\/aide\/article\/changer-offre\/\" rel=\"bookmark\">Comment changer d&#8217;offre ?<\/a><\/li><li class=\"articles  \"><a href=\"https:\/\/obambu.com\/aide\/article\/changer-mot-de-passe-client\/\" rel=\"bookmark\">Comment changer le mot de passe de mon espace client ?<\/a><\/li><li class=\"articles  \"><a href=\"https:\/\/obambu.com\/aide\/article\/changer-moyen-de-paiement\/\" rel=\"bookmark\">Comment changer mon moyen de paiement ?<\/a><\/li><li class=\"articles  \"><a href=\"https:\/\/obambu.com\/aide\/article\/renouveler-service\/\" rel=\"bookmark\">Comment renouveler un service ?<\/a><\/li><\/ul><\/div><\/div>[\/vc_column][\/vc_row][vc_row row_content_display=&#8221;in_grid&#8221; row_content_display_align=&#8221;left&#8221; row_type=&#8221;row&#8221; stretch_row_type=&#8221;yes&#8221; background_color=&#8221;#1e73be&#8221; background_linear_gradient_color_stretch=&#8221;#122475&#8243; normal_background_image_position=&#8221;center bottom&#8221; css=&#8221;.vc_custom_1592432367696{padding-top: 40px !important;padding-bottom: 50px !important;}&#8221;][vc_column css=&#8221;.vc_custom_1592432969903{padding-top: 2px !important;padding-bottom: 0px !important;}&#8221;][vc_column_text]<\/p>\n<h3 style=\"text-align: center;\"><span style=\"color: #ffffff;\">Vous n&#8217;avez pas trouv\u00e9 la r\u00e9ponse \u00e0 votre question ?<\/span><\/h3>\n<p>[\/vc_column_text][vc_btn title=&#8221;Ouvrir un ticket&#8221; style=&#8221;flat&#8221; shape=&#8221;round&#8221; color=&#8221;white&#8221; size=&#8221;lg&#8221; align=&#8221;center&#8221; css_animation=&#8221;none&#8221; link=&#8221;url:https%3A%2F%2Fobambu.com%2Fmy%2Fclientarea.php%3Flanguage%3Dfrench%26systpl%3Dfr|title:Espace%20client|target:_blank&#8221;][vc_column_text]<\/p>\n<p style=\"text-align: center;\"><span style=\"color: #ffffff;\">Notre \u00e9quipe se tient \u00e0 votre disposition par ticket depuis votre espace client.<br \/>\n<\/span>[\/vc_column_text][\/vc_column][\/vc_row]<\/p>\n","protected":false},"excerpt":{"rendered":"<p>[vc_row row_content_display=&#8221;in_grid&#8221; row_content_display_align=&#8221;left&#8221; row_type=&#8221;row&#8221; stretch_row_type=&#8221;yes&#8221; background_color=&#8221;#f9f9f9&#8243; css=&#8221;.vc_custom_1585792692466{padding-top: 90px !important;padding-bottom: 80px !important;}&#8221;][vc_column width=&#8221;3\/4&#8243; css=&#8221;.vc_custom_1585009389467{padding-right: 0px !important;padding-left: 0px !important;}&#8221;][\/vc_column][vc_column width=&#8221;1\/4&#8243;][\/vc_column][\/vc_row][vc_row row_content_display=&#8221;in_grid&#8221; row_content_display_align=&#8221;left&#8221; row_type=&#8221;row&#8221; stretch_row_type=&#8221;yes&#8221; background_color=&#8221;#1e73be&#8221; background_linear_gradient_color_stretch=&#8221;#122475&#8243; normal_background_image_position=&#8221;center bottom&#8221; css=&#8221;.vc_custom_1592432367696{padding-top: 40px !important;padding-bottom: 50px !important;}&#8221;][vc_column css=&#8221;.vc_custom_1592432969903{padding-top: 2px !important;padding-bottom: 0px !important;}&#8221;][vc_column_text] Vous n&#8217;avez pas trouv\u00e9 la r\u00e9ponse \u00e0 votre question ? [\/vc_column_text][vc_btn title=&#8221;Ouvrir un ticket&#8221; style=&#8221;flat&#8221; shape=&#8221;round&#8221; color=&#8221;white&#8221; size=&#8221;lg&#8221; align=&#8221;center&#8221; [&hellip;]<\/p>\n","protected":false},"author":1,"featured_media":0,"parent":0,"menu_order":0,"comment_status":"closed","ping_status":"closed","template":"template-page-full-width-vc.php","meta":{"_bbp_topic_count":0,"_bbp_reply_count":0,"_bbp_total_topic_count":0,"_bbp_total_reply_count":0,"_bbp_voice_count":0,"_bbp_anonymous_reply_count":0,"_bbp_topic_count_hidden":0,"_bbp_reply_count_hidden":0,"_bbp_forum_subforum_count":0},"_links":{"self":[{"href":"https:\/\/obambu.com\/aide\/wp-json\/wp\/v2\/pages\/1892"}],"collection":[{"href":"https:\/\/obambu.com\/aide\/wp-json\/wp\/v2\/pages"}],"about":[{"href":"https:\/\/obambu.com\/aide\/wp-json\/wp\/v2\/types\/page"}],"author":[{"embeddable":true,"href":"https:\/\/obambu.com\/aide\/wp-json\/wp\/v2\/users\/1"}],"replies":[{"embeddable":true,"href":"https:\/\/obambu.com\/aide\/wp-json\/wp\/v2\/comments?post=1892"}],"version-history":[{"count":15,"href":"https:\/\/obambu.com\/aide\/wp-json\/wp\/v2\/pages\/1892\/revisions"}],"predecessor-version":[{"id":2271,"href":"https:\/\/obambu.com\/aide\/wp-json\/wp\/v2\/pages\/1892\/revisions\/2271"}],"wp:attachment":[{"href":"https:\/\/obambu.com\/aide\/wp-json\/wp\/v2\/media?parent=1892"}],"curies":[{"name":"wp","href":"https:\/\/api.w.org\/{rel}","templated":true}]}}